{"id":7,"date":"2023-08-25T19:14:08","date_gmt":"2023-08-25T19:14:08","guid":{"rendered":"https:\/\/konference.bconetwork.cz\/?page_id=7"},"modified":"2024-05-24T07:38:01","modified_gmt":"2024-05-24T07:38:01","slug":"pozvanka","status":"publish","type":"page","link":"https:\/\/webinar.bconetwork.cz\/dtm\/","title":{"rendered":"Webin\u00e1\u0159 k DTM"},"content":{"rendered":"<h2 style=\"text-align: left;\"><strong>M\u00c1TE JI\u017d ZAPSANOU SVOU INFRASTRUKTURU DO DTM? <\/strong><\/h2>\n<p style=\"text-align: left;\"><em>Od 1.7.2024 startuje ostr\u00fd provoz digit\u00e1ln\u00edch technick\u00fdch map (DTM). <strong>V\u0161ichni ISP mus\u00ed vlo\u017eit ve\u0161kerou svou infrastrukturu do DTM<\/strong>. Asociace provozovatel\u016f kabelov\u00fdch a telekomunika\u010dn\u00edch s\u00edt\u00ed, z.s., pod z\u00e1\u0161titou sekce IT a telekomunikac\u00ed Hospod\u00e1\u0159sk\u00e9 komory a v spolupr\u00e1ci s Broadband Competence Office p\u0159ipravila pro z\u00e1jemce p\u0159edev\u0161\u00edm z \u0159ad ISP webin\u00e1\u0159 k tomuto t\u00e9matu webin\u00e1\u0159.<\/em><\/p>\n<p style=\"text-align: left;\">Webin\u00e1\u0159 byl \u017eiv\u011b vys\u00edl\u00e1n 15. kv\u011btna, z\u00e1znam jeho \u010d\u00e1st\u00ed m\u016f\u017eete shl\u00e9dnout na odkazech n\u00ed\u017ee.<\/p>\n<hr \/>\n<p><strong>0. \u00davod a\u00a0program<\/strong><br \/>\n<i>Mgr. Zden\u011bk Dvo\u0159\u00e1k<\/i><br \/>\n<a href=\"https:\/\/www.youtube.com\/live\/JDquiL9O0ao?si=bjP64VyUvWf1PGuT&amp;t=14\" target=\"_blank\" rel=\"noopener\"><img decoding=\"async\" class=\"you-tube-icon\" title=\"YouTube\" src=\"https:\/\/www.bconetwork.cz\/img\/169.png\" alt=\"YouTube\" \/>\u00a0YouTube video<\/a> |\u00a0<a href=\"https:\/\/www.bconetwork.cz\/files\/21-obsah-webinare-k-dtm-15-5-2024.pdf\" target=\"_blank\" rel=\"noopener\">Prezentace ke sta\u017een\u00ed (PDF)<\/a><\/p>\n<hr \/>\n<p><strong>1. Jak splnit z\u00e1konn\u00e9 povinnosti v\u016f\u010di DMVS a\u00a0DTM<\/strong><br \/>\n<i>Ing. Ji\u0159\u00ed Form\u00e1nek<\/i><br \/>\n<a href=\"https:\/\/www.youtube.com\/live\/JDquiL9O0ao?si=-nAD8jSGmKtBdftk&amp;t=91\" target=\"_blank\" rel=\"noopener\"><img decoding=\"async\" class=\"you-tube-icon\" title=\"YouTube\" src=\"https:\/\/www.bconetwork.cz\/img\/169.png\" alt=\"YouTube\" \/>\u00a0YouTube video<\/a> |\u00a0<a href=\"https:\/\/www.bconetwork.cz\/files\/19-jak-splnit-zakonne-povinnosti-vuci-dmvs-a-dtm-jiri-formanek-cuzk-15-5-2024.pdf\" target=\"_blank\" rel=\"noopener\">Prezentace ke sta\u017een\u00ed (PDF)<\/a><\/p>\n<hr \/>\n<p><strong>2. Prezentace k\u00a0digit\u00e1ln\u00edm technick\u00fdm map\u00e1m a\u00a0T\u0158ET\u00cd \u010c\u00c1STI ve\u0159ejn\u00e9 konzultace pro podnikatele v\u00a0elektronick\u00fdch komunikac\u00edch<\/strong><br \/>\n<i>Ing. David Val\u00ed\u010dek, MBA<\/i><br \/>\n<a href=\"https:\/\/www.youtube.com\/live\/JDquiL9O0ao?si=0gk_8K0NFwdfc7hT&amp;t=2376\" target=\"_blank\" rel=\"noopener\"><img decoding=\"async\" class=\"you-tube-icon\" title=\"YouTube\" src=\"https:\/\/www.bconetwork.cz\/img\/169.png\" alt=\"YouTube\" \/>\u00a0YouTube video<\/a>\u00a0| <a href=\"https:\/\/www.bconetwork.cz\/files\/20-webinar-k-digitalnim-technickym-mapam-a-treti-casti-verejne-konzultace-ing-david-valicek-mba-mpo-cr-15-5-2024.pdf\" target=\"_blank\" rel=\"noopener\">Prezentace ke sta\u017een\u00ed (PDF)<\/a><\/p>\n<hr \/>\n<h3>Kompletn\u00ed z\u00e1znam webin\u00e1\u0159e k\u00a0digit\u00e1ln\u00edm technick\u00fdm map\u00e1m a\u00a0T\u0158ET\u00cd \u010c\u00c1STI ve\u0159ejn\u00e9 konzultace 15.5.2024<\/h3>\n<p><a href=\"https:\/\/www.youtube.com\/embed\/JDquiL9O0ao?si=hGyvVnxcFqPNYBcf\" target=\"_blank\" rel=\"noopener\"><img decoding=\"async\" class=\"you-tube-icon\" title=\"YouTube\" src=\"https:\/\/www.bconetwork.cz\/img\/169.png\" alt=\"YouTube\" \/>\u00a0YouTube video<\/a><\/p>\n","protected":false},"excerpt":{"rendered":"<p>M\u00c1TE JI\u017d ZAPSANOU SVOU INFRASTRUKTURU DO DTM? Od 1.7.2024 startuje ostr\u00fd provoz digit\u00e1ln\u00edch technick\u00fdch map (DTM). V\u0161ichni ISP mus\u00ed vlo\u017eit ve\u0161kerou svou infrastrukturu do DTM. Asociace provozovatel\u016f kabelov\u00fdch a telekomunika\u010dn\u00edch&hellip;<\/p>\n","protected":false},"author":1,"featured_media":0,"parent":0,"menu_order":10,"comment_status":"closed","ping_status":"closed","template":"page-templates\/fullwidth.php","meta":{"footnotes":""},"class_list":["post-7","page","type-page","status-publish","hentry"],"_links":{"self":[{"href":"https:\/\/webinar.bconetwork.cz\/dtm\/wp-json\/wp\/v2\/pages\/7","targetHints":{"allow":["GET"]}}],"collection":[{"href":"https:\/\/webinar.bconetwork.cz\/dtm\/wp-json\/wp\/v2\/pages"}],"about":[{"href":"https:\/\/webinar.bconetwork.cz\/dtm\/wp-json\/wp\/v2\/types\/page"}],"author":[{"embeddable":true,"href":"https:\/\/webinar.bconetwork.cz\/dtm\/wp-json\/wp\/v2\/users\/1"}],"replies":[{"embeddable":true,"href":"https:\/\/webinar.bconetwork.cz\/dtm\/wp-json\/wp\/v2\/comments?post=7"}],"version-history":[{"count":36,"href":"https:\/\/webinar.bconetwork.cz\/dtm\/wp-json\/wp\/v2\/pages\/7\/revisions"}],"predecessor-version":[{"id":530,"href":"https:\/\/webinar.bconetwork.cz\/dtm\/wp-json\/wp\/v2\/pages\/7\/revisions\/530"}],"wp:attachment":[{"href":"https:\/\/webinar.bconetwork.cz\/dtm\/wp-json\/wp\/v2\/media?parent=7"}],"curies":[{"name":"wp","href":"https:\/\/api.w.org\/{rel}","templated":true}]}}