{"id":381,"date":"2024-04-28T18:03:44","date_gmt":"2024-04-28T18:03:44","guid":{"rendered":"https:\/\/webinar.bconetwork.cz\/dtm\/?page_id=381"},"modified":"2024-05-03T20:08:42","modified_gmt":"2024-05-03T20:08:42","slug":"uzitecne-odkazy","status":"publish","type":"page","link":"https:\/\/webinar.bconetwork.cz\/dtm\/uzitecne-odkazy\/","title":{"rendered":"U\u017eite\u010dn\u00e9 odkazy"},"content":{"rendered":"<p><strong>ASOCIACE PODNIKATEL\u016e V GEOMATICE<\/strong><br \/>\n<a href=\"https:\/\/www.apgeo.cz\/dtm\" target=\"_blank\" rel=\"noopener\">https:\/\/www.apgeo.cz\/dtm<\/a><br \/>\n<em>Vysv\u011btluj\u00edc\u00ed videa na kan\u00e1le YouTube, publikov\u00e1no 23.4. 2024<\/em><\/p>\n<ul style=\"padding-top: 10px;\">\n<li>Legislativa<\/li>\n<li>\u010clen\u011bn\u00ed, informa\u010dn\u00ed syst\u00e9my, prvn\u00ed vlna financov\u00e1n\u00ed<\/li>\n<li>SW aplikace<\/li>\n<\/ul>\n<p>&nbsp;<\/p>\n<p><strong>\u010c\u00daZK<\/strong><br \/>\n<a href=\"https:\/\/cuzk.cz\/DMVS\/O-IS-DMVS.aspx\" target=\"_blank\" rel=\"noopener\">Informa\u010dn\u00ed syst\u00e9m Digit\u00e1ln\u00ed mapy ve\u0159ejn\u00e9 spr\u00e1vy<\/a><br \/>\n<em>IS DMVS &#8211; Informa\u010dn\u00ed syst\u00e9m Digit\u00e1ln\u00ed mapy ve\u0159ejn\u00e9 spr\u00e1vy je p\u0159ipravov\u00e1n \u010cesk\u00fdm \u00fa\u0159adem zem\u011bm\u011b\u0159ick\u00fdm a katastr\u00e1ln\u00edm na z\u00e1klad\u011b z\u00e1kona \u010d. 47\/2020 Sb. z\u00a0ledna 2020, kter\u00fdm byl novelizov\u00e1n z\u00e1kon \u010d.\u00a0200\/1994 Sb. o\u00a0zem\u011bm\u011b\u0159ictv\u00ed.<\/em><\/p>\n<p>&nbsp;<\/p>\n<p><strong>Z\u00c1KONY PRO LIDI<\/strong><br \/>\n<a href=\"https:\/\/www.zakonyprolidi.cz\/cs\/2020-47\" target=\"_blank\" rel=\"noopener\">Z\u00e1kon \u010d. 47\/2020 Sb.<\/a><br \/>\n<em>Z\u00e1kon, kter\u00fdm se m\u011bn\u00ed z\u00e1kon <a href=\"https:\/\/www.zakonyprolidi.cz\/cs\/1994-200\" target=\"_blank\" rel=\"noopener\">\u010d. 200\/1994 Sb., o zem\u011bm\u011b\u0159ictv\u00ed<\/a> a o zm\u011bn\u011b a dopln\u011bn\u00ed n\u011bkter\u00fdch z\u00e1kon\u016f souvisej\u00edc\u00edch s jeho zaveden\u00edm, ve zn\u011bn\u00ed pozd\u011bj\u0161\u00edch p\u0159edpis\u016f, z\u00e1kon \u010d. 183\/2006 Sb., o \u00fazemn\u00edm pl\u00e1nov\u00e1n\u00ed a stavebn\u00edm \u0159\u00e1du (stavebn\u00ed z\u00e1kon), ve zn\u011bn\u00ed pozd\u011bj\u0161\u00edch p\u0159edpis\u016f, a dal\u0161\u00ed souvisej\u00edc\u00ed z\u00e1kony\u00a0<\/em><\/p>\n<p><a href=\"https:\/\/www.zakonyprolidi.cz\/cs\/2020-393\" target=\"_blank\" rel=\"noopener\">Vyhl\u00e1\u0161ka \u010d. 393\/2020 Sb.<\/a><br \/>\n<em>Vyhl\u00e1\u0161ka o digit\u00e1ln\u00ed technick\u00e9 map\u011b kraje<\/em><\/p>\n<p>&nbsp;<\/p>\n<p><strong>DTM KRAJ\u016e:<\/strong><\/p>\n<p><strong>Hlavn\u00ed m\u011bsto Praha<a href=\"https:\/\/app.iprpraha.cz\/\" target=\"_blank\" rel=\"noopener\"><br \/>\n<\/a><\/strong><a href=\"https:\/\/app.iprpraha.cz\/\" target=\"_blank\" rel=\"noopener\">https:\/\/app.iprpraha.cz\/apl\/app\/dtmp\/<\/a><\/p>\n<p><strong>Jiho\u010desk\u00fd kraj<br \/>\n<\/strong><a href=\"https:\/\/projektdtm.kraj-jihocesky.cz\/\" target=\"_blank\" rel=\"noopener\">https:\/\/projektdtm.kraj-jihocesky.cz\/<\/a><\/p>\n<p><strong>Jihomoravsk\u00fd kraj<br \/>\n<\/strong><a href=\"https:\/\/mapy.jmk.cz\/\" target=\"_blank\" rel=\"noopener\">https:\/\/mapy.jmk.cz\/geoportal\/DTM.aspx<\/a><\/p>\n<p><strong>Karlovarsk\u00fd kraj<br \/>\n<\/strong><a href=\"https:\/\/geoportal.kr-karlovarsky.cz\/web\/Map\/Map1\/DTM\" target=\"_blank\" rel=\"noopener\">https:\/\/geoportal.kr-karlovarsky.cz\/<\/a><\/p>\n<p><strong>Libereck\u00fd kraj<\/strong><br \/>\n<a href=\"https:\/\/dmvs.kraj-lbc.cz\/\" target=\"_blank\" rel=\"noopener\">https:\/\/dmvs.kraj-lbc.cz\/<\/a><\/p>\n<p><strong>Pardubick\u00fd kraj<\/strong><a href=\"https:\/\/www.pardubickykraj.cz\/dtm\" target=\"_blank\" rel=\"noopener\"><br \/>\nhttps:\/\/www.pardubickykraj.cz\/dtm<\/a><\/p>\n<p><strong>Plze\u0148sk\u00fd kraj<\/strong><a href=\"https:\/\/mapy.kr-plzensky.cz\/gis\/dtm\/\" target=\"_blank\" rel=\"noopener\"><br \/>\nhttps:\/\/mapy.kr-plzensky.cz\/<\/a><\/p>\n<p><strong>St\u0159edo\u010desk\u00fd kraj<br \/>\n<\/strong><a href=\"https:\/\/www.kr-stredocesky.cz\/web\/regionalni-rozvoj\/digitalni-technicka-mapa-stredoceskeho-kraje\" target=\"_blank\" rel=\"noopener\">https:\/\/www.kr-stredocesky.cz\/<\/a><\/p>\n<p><strong>\u00dasteck\u00fd kraj<\/strong><a href=\"https:\/\/www.kr-ustecky.cz\/vismo\/osnova.asp?id_osnovy=274546&amp;n=digitalni-technicka-mapa-usteckeho-kraje-dtm-uk\" target=\"_blank\" rel=\"noopener\"><br \/>\nhttps:\/\/www.kr-ustecky.cz\/<\/a><\/p>\n<p><strong>Kraj Vyso\u010dina<br \/>\n<\/strong><a href=\"https:\/\/dtm.kr-vysocina.cz\/\" target=\"_blank\" rel=\"noopener\">https:\/\/dtm.kr-vysocina.cz\/<\/a><\/p>\n<p><strong>Zl\u00ednsk\u00fd kraj<\/strong><a href=\"https:\/\/jdtm-zk.cz\/\" target=\"_blank\" rel=\"noopener\"><br \/>\nhttps:\/\/jdtm-zk.cz\/<\/a><\/p>\n<p>&nbsp;<\/p>\n<p>&nbsp;<\/p>\n<p>&nbsp;<\/p>\n","protected":false},"excerpt":{"rendered":"<p>ASOCIACE PODNIKATEL\u016e V GEOMATICE https:\/\/www.apgeo.cz\/dtm Vysv\u011btluj\u00edc\u00ed videa na kan\u00e1le YouTube, publikov\u00e1no 23.4. 2024 Legislativa \u010clen\u011bn\u00ed, informa\u010dn\u00ed syst\u00e9my, prvn\u00ed vlna financov\u00e1n\u00ed SW aplikace &nbsp; \u010c\u00daZK Informa\u010dn\u00ed syst\u00e9m Digit\u00e1ln\u00ed mapy ve\u0159ejn\u00e9 spr\u00e1vy&hellip;<\/p>\n","protected":false},"author":3,"featured_media":0,"parent":0,"menu_order":0,"comment_status":"closed","ping_status":"closed","template":"","meta":{"footnotes":""},"class_list":["post-381","page","type-page","status-publish","hentry"],"_links":{"self":[{"href":"https:\/\/webinar.bconetwork.cz\/dtm\/wp-json\/wp\/v2\/pages\/381","targetHints":{"allow":["GET"]}}],"collection":[{"href":"https:\/\/webinar.bconetwork.cz\/dtm\/wp-json\/wp\/v2\/pages"}],"about":[{"href":"https:\/\/webinar.bconetwork.cz\/dtm\/wp-json\/wp\/v2\/types\/page"}],"author":[{"embeddable":true,"href":"https:\/\/webinar.bconetwork.cz\/dtm\/wp-json\/wp\/v2\/users\/3"}],"replies":[{"embeddable":true,"href":"https:\/\/webinar.bconetwork.cz\/dtm\/wp-json\/wp\/v2\/comments?post=381"}],"version-history":[{"count":7,"href":"https:\/\/webinar.bconetwork.cz\/dtm\/wp-json\/wp\/v2\/pages\/381\/revisions"}],"predecessor-version":[{"id":399,"href":"https:\/\/webinar.bconetwork.cz\/dtm\/wp-json\/wp\/v2\/pages\/381\/revisions\/399"}],"wp:attachment":[{"href":"https:\/\/webinar.bconetwork.cz\/dtm\/wp-json\/wp\/v2\/media?parent=381"}],"curies":[{"name":"wp","href":"https:\/\/api.w.org\/{rel}","templated":true}]}}